{"id":95,"date":"2019-08-12T19:25:52","date_gmt":"2019-08-12T19:25:52","guid":{"rendered":"http:\/\/xn--menschen-oberflchen-uwb.com\/?page_id=95"},"modified":"2020-11-25T13:46:19","modified_gmt":"2020-11-25T13:46:19","slug":"materialeffizienz","status":"publish","type":"page","link":"http:\/\/xn--menschen-oberflchen-uwb.com\/?page_id=95","title":{"rendered":"Materialeffizienz"},"content":{"rendered":"\n<p>Unter Materialeffizienz ist vereinfacht das Verh\u00e4ltnis der Materialmenge in den erzeugten Produkten zu der f\u00fcr ihre Herstellung eingesetzten Materialmenge zu verstehen.\n<\/p>\n\n\n\n<p>Eine h\u00f6here Materialeffizienz soll durch Reduzierung des Materialeinsatzes erreicht werden, wie beispielsweise durch Verringerung des Ausschusses, durch Reduzierung von Verschnitt, durch verringerten Einsatz von Hilfsstoffen oder durch die Optimierung der Produktkonstruktion.\n<\/p>\n\n\n\n<p>Materialkosten stellen im Produzierenden Gewerbe mit ca. 45,5 % noch vor den Personalkosten (17,8 %) den mit Abstand gr\u00f6\u00dften Kostenblock dar. Durch einen intelligenten Umgang mit Materialien kann man die vermeintlich hohen Lohnkosten relativieren.\n<\/p>\n\n\n\n<p>Um die Wettbewerbsf\u00e4higkeit zu erh\u00f6hen, sind die Einsparungen bei den Materialkosten ein sehr guter Ansatzpunkt.\n<\/p>\n\n\n\n<p>(Quelle: Deutsche&nbsp; Materialeffizienzagentur)<\/p>\n\n\n\n<h4 class=\"wp-block-heading\"><strong>Beschichtungsverfahren optimieren <\/strong><\/h4>\n\n\n\n<div class=\"wp-block-media-text alignwide has-media-on-the-right\" style=\"grid-template-columns:auto 60%\"><figure class=\"wp-block-media-text__media\"><img loading=\"lazy\" decoding=\"async\" width=\"300\" height=\"205\" src=\"http:\/\/xn--menschen-oberflchen-uwb.com\/wp-content\/uploads\/2019\/08\/Auswertung.gif\" alt=\"\" class=\"wp-image-96\"\/><\/figure><div class=\"wp-block-media-text__content\">\n<p><strong>Kosten verringern &#8211; Ausschuss reduzieren<\/strong>\n<\/p>\n\n\n\n<p><strong>Stoffstr\u00f6me verstehen &#8211; Material effizient einsetzen<\/strong>\n<\/p>\n\n\n\n<p class=\"has-small-font-size\">Die Oberfl\u00e4chentechnik ist seit langer Zeit darauf bedacht, die f\u00fcr Beschichtungen notwendigen Ressourchen effizient einzusetzen. Steigende Rohstoffe- und Engergiepreise, Anforderungen an die Abwassertechnik und die Notwendigkeit zur Verringerung der Ausschussquoten machen das Thema f\u00fcr alle Beschichtungsbetriebe interessant.\n<\/p>\n<\/div><\/div>\n","protected":false},"excerpt":{"rendered":"<p>Unter Materialeffizienz ist vereinfacht das Verh\u00e4ltnis der Materialmenge in den erzeugten Produkten zu der f\u00fcr ihre Herstellung eingesetzten Materialmenge zu verstehen. Eine h\u00f6here Materialeffizienz soll durch Reduzierung des Materialeinsatzes erreicht werden, wie beispielsweise durch Verringerung des Ausschusses, durch Reduzierung von &hellip; <a href=\"http:\/\/xn--menschen-oberflchen-uwb.com\/?page_id=95\">Weiterlesen <span class=\"meta-nav\">&rarr;<\/span><\/a><\/p>\n","protected":false},"author":1,"featured_media":0,"parent":0,"menu_order":0,"comment_status":"closed","ping_status":"closed","template":"","meta":{"footnotes":""},"class_list":["post-95","page","type-page","status-publish","hentry"],"_links":{"self":[{"href":"http:\/\/xn--menschen-oberflchen-uwb.com\/index.php?rest_route=\/wp\/v2\/pages\/95","targetHints":{"allow":["GET"]}}],"collection":[{"href":"http:\/\/xn--menschen-oberflchen-uwb.com\/index.php?rest_route=\/wp\/v2\/pages"}],"about":[{"href":"http:\/\/xn--menschen-oberflchen-uwb.com\/index.php?rest_route=\/wp\/v2\/types\/page"}],"author":[{"embeddable":true,"href":"http:\/\/xn--menschen-oberflchen-uwb.com\/index.php?rest_route=\/wp\/v2\/users\/1"}],"replies":[{"embeddable":true,"href":"http:\/\/xn--menschen-oberflchen-uwb.com\/index.php?rest_route=%2Fwp%2Fv2%2Fcomments&post=95"}],"version-history":[{"count":4,"href":"http:\/\/xn--menschen-oberflchen-uwb.com\/index.php?rest_route=\/wp\/v2\/pages\/95\/revisions"}],"predecessor-version":[{"id":202,"href":"http:\/\/xn--menschen-oberflchen-uwb.com\/index.php?rest_route=\/wp\/v2\/pages\/95\/revisions\/202"}],"wp:attachment":[{"href":"http:\/\/xn--menschen-oberflchen-uwb.com\/index.php?rest_route=%2Fwp%2Fv2%2Fmedia&parent=95"}],"curies":[{"name":"wp","href":"https:\/\/api.w.org\/{rel}","templated":true}]}}