{"id":93,"date":"2019-08-12T19:15:38","date_gmt":"2019-08-12T19:15:38","guid":{"rendered":"http:\/\/xn--menschen-oberflchen-uwb.com\/?page_id=93"},"modified":"2020-11-25T14:39:25","modified_gmt":"2020-11-25T14:39:25","slug":"organisationsentwicklung","status":"publish","type":"page","link":"http:\/\/xn--menschen-oberflchen-uwb.com\/?page_id=93","title":{"rendered":"Organisationsentwicklung"},"content":{"rendered":"\n<p>Entwicklungen von Organisationen haben zum einen etwas mit Strukturen, Abl\u00e4ufen, Methoden und Systematiken zu tun, zum anderen h\u00e4ngt dies sehr stark von den Menschen innerhalb der Organisation ab. Einstellungen,&nbsp; Denkweisen und pers\u00f6nliche Komfortzonen spielen dabei eine wesentliche Rolle.\n<\/p>\n\n\n\n<p>Beides zusammen,<strong> &#8222;Entwicklung von Organisation&#8220;<\/strong> und <strong>&#8222;Personalentwicklung&#8220; <\/strong>sind notwendig, um Dienstleistungen und \/ oder Produkte wirtschaftlich und gewinnorientiert in den Markt zu bringen.\n<\/p>\n\n\n\n<p>Unser Bestreben ist es, wie bei der <strong>Personalentwicklung<\/strong> auch, dies zusammen mit Ihnen von Innen heraus aus Ihrem Unternehmen zu entwickeln und <strong>nicht von au\u00dfen &#8222;aufzust\u00fclpen&#8220;!<\/strong> <\/p>\n\n\n\n<p>Organisationsentwicklung und Personalentwicklung ist nicht voneinander zu trennen. \n<\/p>\n\n\n\n<p>Aus diesem Grund sprechen wir, <strong>die <\/strong><strong>Wo\/\/Co<\/strong> &#8211; <strong>Wolfgang Kohl Consulting <\/strong>&#8211; aus <strong>Solingen<\/strong> von\n<\/p>\n\n\n\n<p><strong>&#8222;Organisationsbezogener Personalentwicklung&#8220;<\/strong>.<\/p>\n","protected":false},"excerpt":{"rendered":"<p>Entwicklungen von Organisationen haben zum einen etwas mit Strukturen, Abl\u00e4ufen, Methoden und Systematiken zu tun, zum anderen h\u00e4ngt dies sehr stark von den Menschen innerhalb der Organisation ab. Einstellungen,&nbsp; Denkweisen und pers\u00f6nliche Komfortzonen spielen dabei eine wesentliche Rolle. Beides zusammen, &hellip; <a href=\"http:\/\/xn--menschen-oberflchen-uwb.com\/?page_id=93\">Weiterlesen <span class=\"meta-nav\">&rarr;<\/span><\/a><\/p>\n","protected":false},"author":1,"featured_media":0,"parent":0,"menu_order":0,"comment_status":"closed","ping_status":"closed","template":"","meta":{"footnotes":""},"class_list":["post-93","page","type-page","status-publish","hentry"],"_links":{"self":[{"href":"http:\/\/xn--menschen-oberflchen-uwb.com\/index.php?rest_route=\/wp\/v2\/pages\/93","targetHints":{"allow":["GET"]}}],"collection":[{"href":"http:\/\/xn--menschen-oberflchen-uwb.com\/index.php?rest_route=\/wp\/v2\/pages"}],"about":[{"href":"http:\/\/xn--menschen-oberflchen-uwb.com\/index.php?rest_route=\/wp\/v2\/types\/page"}],"author":[{"embeddable":true,"href":"http:\/\/xn--menschen-oberflchen-uwb.com\/index.php?rest_route=\/wp\/v2\/users\/1"}],"replies":[{"embeddable":true,"href":"http:\/\/xn--menschen-oberflchen-uwb.com\/index.php?rest_route=%2Fwp%2Fv2%2Fcomments&post=93"}],"version-history":[{"count":2,"href":"http:\/\/xn--menschen-oberflchen-uwb.com\/index.php?rest_route=\/wp\/v2\/pages\/93\/revisions"}],"predecessor-version":[{"id":205,"href":"http:\/\/xn--menschen-oberflchen-uwb.com\/index.php?rest_route=\/wp\/v2\/pages\/93\/revisions\/205"}],"wp:attachment":[{"href":"http:\/\/xn--menschen-oberflchen-uwb.com\/index.php?rest_route=%2Fwp%2Fv2%2Fmedia&parent=93"}],"curies":[{"name":"wp","href":"https:\/\/api.w.org\/{rel}","templated":true}]}}