{"id":65,"date":"2019-08-12T18:52:09","date_gmt":"2019-08-12T18:52:09","guid":{"rendered":"http:\/\/xn--menschen-oberflchen-uwb.com\/?page_id=65"},"modified":"2019-08-18T09:45:41","modified_gmt":"2019-08-18T09:45:41","slug":"ueber-uns","status":"publish","type":"page","link":"http:\/\/xn--menschen-oberflchen-uwb.com\/?page_id=65","title":{"rendered":"\u00dcber uns"},"content":{"rendered":"\n<div class=\"wp-block-media-text alignwide\" style=\"grid-template-columns:28% auto\"><figure class=\"wp-block-media-text__media\"><img decoding=\"async\" src=\"http:\/\/xn--menschen-oberflchen-uwb.com\/wp-content\/uploads\/2019\/08\/Wolfgang-Kohl1.gif\" alt=\"\" class=\"wp-image-7\"\/><\/figure><div class=\"wp-block-media-text__content\">\n<p><strong>Wolfgang Kohl<\/strong>\n<\/p>\n\n\n\n<p><strong>Industriekaufmann<\/strong>\n<\/p>\n\n\n\n<p><strong>Technischer Betriebswirt<\/strong>\n<\/p>\n\n\n\n<p><strong>geb. 1951<\/strong>\n<\/p>\n<\/div><\/div>\n\n\n\n<p>Die <strong><em>Wo\/\/<\/em>Co &#8211; Wolfgang Kohl Consulting &#8211; <\/strong>wurde 2002 gegr\u00fcndet. \n<\/p>\n\n\n\n<p>Die jahrelangen praktischen Erfahrungen in<\/p>\n\n\n\n<ul class=\"wp-block-list\"><li><strong>der Oberfl\u00e4chentechnik, speziell im Bereich der Galvanotechnik<\/strong><\/li><li><strong>der Gesch\u00e4ftsf\u00fchrung<\/strong><\/li><li><strong>der F\u00fchrung von Mitarbeitern<\/strong><\/li><li><strong>dem nationalen und internationalen Auf- und Ausbau von Produkt-, Projekt- und Marketingmanagement<\/strong><\/li><li><strong>dem Auf- und Ausbau von Verkaufsorganisationen und -bezirken<\/strong><\/li><li><strong>Materialeffizienz<\/strong><\/li><\/ul>\n\n\n\n<p>sowohl in mittelst\u00e4ndischen als auch konzerngebundenen Unternehmen bilden die solide Basis f\u00fcr diese spezielle Unternehmensberatung. \n<\/p>\n\n\n\n<p>Die Akkreditierung zum <strong>INSIGHTS-Berater<\/strong> und ein Netzwerk von kompetenten Partnern runden dies ab. \n<\/p>\n\n\n\n<p>Das&nbsp;detaillierte Leistungsspektrum zu o.a. Themen finden Sie auf folgenden Seiten.<\/p>\n","protected":false},"excerpt":{"rendered":"<p>Wolfgang Kohl Industriekaufmann Technischer Betriebswirt geb. 1951 Die Wo\/\/Co &#8211; Wolfgang Kohl Consulting &#8211; wurde 2002 gegr\u00fcndet. Die jahrelangen praktischen Erfahrungen in der Oberfl\u00e4chentechnik, speziell im Bereich der Galvanotechnik der Gesch\u00e4ftsf\u00fchrung der F\u00fchrung von Mitarbeitern dem nationalen und internationalen Auf- &hellip; <a href=\"http:\/\/xn--menschen-oberflchen-uwb.com\/?page_id=65\">Weiterlesen <span class=\"meta-nav\">&rarr;<\/span><\/a><\/p>\n","protected":false},"author":1,"featured_media":0,"parent":0,"menu_order":0,"comment_status":"closed","ping_status":"closed","template":"","meta":{"footnotes":""},"class_list":["post-65","page","type-page","status-publish","hentry"],"_links":{"self":[{"href":"http:\/\/xn--menschen-oberflchen-uwb.com\/index.php?rest_route=\/wp\/v2\/pages\/65","targetHints":{"allow":["GET"]}}],"collection":[{"href":"http:\/\/xn--menschen-oberflchen-uwb.com\/index.php?rest_route=\/wp\/v2\/pages"}],"about":[{"href":"http:\/\/xn--menschen-oberflchen-uwb.com\/index.php?rest_route=\/wp\/v2\/types\/page"}],"author":[{"embeddable":true,"href":"http:\/\/xn--menschen-oberflchen-uwb.com\/index.php?rest_route=\/wp\/v2\/users\/1"}],"replies":[{"embeddable":true,"href":"http:\/\/xn--menschen-oberflchen-uwb.com\/index.php?rest_route=%2Fwp%2Fv2%2Fcomments&post=65"}],"version-history":[{"count":2,"href":"http:\/\/xn--menschen-oberflchen-uwb.com\/index.php?rest_route=\/wp\/v2\/pages\/65\/revisions"}],"predecessor-version":[{"id":133,"href":"http:\/\/xn--menschen-oberflchen-uwb.com\/index.php?rest_route=\/wp\/v2\/pages\/65\/revisions\/133"}],"wp:attachment":[{"href":"http:\/\/xn--menschen-oberflchen-uwb.com\/index.php?rest_route=%2Fwp%2Fv2%2Fmedia&parent=65"}],"curies":[{"name":"wp","href":"https:\/\/api.w.org\/{rel}","templated":true}]}}