{"id":53,"date":"2019-08-12T18:41:14","date_gmt":"2019-08-12T18:41:14","guid":{"rendered":"http:\/\/xn--menschen-oberflchen-uwb.com\/?page_id=53"},"modified":"2019-08-13T19:01:39","modified_gmt":"2019-08-13T19:01:39","slug":"seminare","status":"publish","type":"page","link":"http:\/\/xn--menschen-oberflchen-uwb.com\/?page_id=53","title":{"rendered":"Seminare"},"content":{"rendered":"\n<div class=\"wp-block-media-text alignwide has-media-on-the-right\"><figure class=\"wp-block-media-text__media\"><img decoding=\"async\" src=\"http:\/\/xn--menschen-oberflchen-uwb.com\/wp-content\/uploads\/2019\/08\/Seminarbeginn.gif\" alt=\"Seminare, T\u00dcV Rheinland Akademie GmbH,\nMitarbeiterf\u00fchrung im gewerblich-technischen Bereich\" class=\"wp-image-54\"\/><\/figure><div class=\"wp-block-media-text__content\">\n<p class=\"has-medium-font-size\"><strong>T\u00dcV Rheinland Akademie GmbH<\/strong><\/p>\n\n\n\n<p><strong>Mitarbeiterf\u00fchrung im gewerblich-technischen Bereich<\/strong><\/p>\n<\/div><\/div>\n\n\n<ul class=\"wp-block-latest-posts__list wp-block-latest-posts\"><li><a class=\"wp-block-latest-posts__post-title\" href=\"http:\/\/xn--menschen-oberflchen-uwb.com\/?p=250\">Potentialentwicklung f\u00fcr F\u00fchrungskr\u00e4fte und Nachwuchsf\u00fchrungskr\u00e4fte aus eigenen Ressourcen Seminarprogramm als Inhouse-Workshops<\/a><\/li>\n<li><a class=\"wp-block-latest-posts__post-title\" href=\"http:\/\/xn--menschen-oberflchen-uwb.com\/?p=264\">Ver\u00e4nderungen und deren Umsetzung<\/a><\/li>\n<\/ul>\n\n\n<p><\/p>\n","protected":false},"excerpt":{"rendered":"<p>T\u00dcV Rheinland Akademie GmbH Mitarbeiterf\u00fchrung im gewerblich-technischen Bereich<\/p>\n","protected":false},"author":1,"featured_media":0,"parent":0,"menu_order":0,"comment_status":"closed","ping_status":"closed","template":"","meta":{"footnotes":""},"class_list":["post-53","page","type-page","status-publish","hentry"],"_links":{"self":[{"href":"http:\/\/xn--menschen-oberflchen-uwb.com\/index.php?rest_route=\/wp\/v2\/pages\/53","targetHints":{"allow":["GET"]}}],"collection":[{"href":"http:\/\/xn--menschen-oberflchen-uwb.com\/index.php?rest_route=\/wp\/v2\/pages"}],"about":[{"href":"http:\/\/xn--menschen-oberflchen-uwb.com\/index.php?rest_route=\/wp\/v2\/types\/page"}],"author":[{"embeddable":true,"href":"http:\/\/xn--menschen-oberflchen-uwb.com\/index.php?rest_route=\/wp\/v2\/users\/1"}],"replies":[{"embeddable":true,"href":"http:\/\/xn--menschen-oberflchen-uwb.com\/index.php?rest_route=%2Fwp%2Fv2%2Fcomments&post=53"}],"version-history":[{"count":7,"href":"http:\/\/xn--menschen-oberflchen-uwb.com\/index.php?rest_route=\/wp\/v2\/pages\/53\/revisions"}],"predecessor-version":[{"id":123,"href":"http:\/\/xn--menschen-oberflchen-uwb.com\/index.php?rest_route=\/wp\/v2\/pages\/53\/revisions\/123"}],"wp:attachment":[{"href":"http:\/\/xn--menschen-oberflchen-uwb.com\/index.php?rest_route=%2Fwp%2Fv2%2Fmedia&parent=53"}],"curies":[{"name":"wp","href":"https:\/\/api.w.org\/{rel}","templated":true}]}}