{"id":32,"date":"2019-08-12T17:22:01","date_gmt":"2019-08-12T17:22:01","guid":{"rendered":"http:\/\/xn--menschen-oberflchen-uwb.com\/?page_id=32"},"modified":"2022-11-03T15:28:50","modified_gmt":"2022-11-03T15:28:50","slug":"aktuelle-nachrichten","status":"publish","type":"page","link":"http:\/\/xn--menschen-oberflchen-uwb.com\/?page_id=32","title":{"rendered":"Aktuelle Nachrichten"},"content":{"rendered":"<ul class=\"wp-block-latest-posts__list wp-block-latest-posts\"><li><a class=\"wp-block-latest-posts__post-title\" href=\"http:\/\/xn--menschen-oberflchen-uwb.com\/?p=274\">Stellenangebot als eine technisch\/betriebswirtschaftliche Mit-Gesch\u00e4ftsf\u00fchrung (m\/w\/d)<\/a><\/li>\n<li><a class=\"wp-block-latest-posts__post-title\" href=\"http:\/\/xn--menschen-oberflchen-uwb.com\/?p=264\">Ver\u00e4nderungen und deren Umsetzung<\/a><\/li>\n<li><a class=\"wp-block-latest-posts__post-title\" href=\"http:\/\/xn--menschen-oberflchen-uwb.com\/?p=250\">Potentialentwicklung f\u00fcr F\u00fchrungskr\u00e4fte und Nachwuchsf\u00fchrungskr\u00e4fte aus eigenen Ressourcen Seminarprogramm als Inhouse-Workshops<\/a><\/li>\n<li><a class=\"wp-block-latest-posts__post-title\" href=\"http:\/\/xn--menschen-oberflchen-uwb.com\/?p=184\">Macht organisationsbezogene Personalentwicklung Sinn???<\/a><\/li>\n<\/ul>\n\n\n<p><\/p>\n","protected":false},"excerpt":{"rendered":"","protected":false},"author":1,"featured_media":0,"parent":0,"menu_order":0,"comment_status":"closed","ping_status":"closed","template":"","meta":{"footnotes":""},"class_list":["post-32","page","type-page","status-publish","hentry"],"_links":{"self":[{"href":"http:\/\/xn--menschen-oberflchen-uwb.com\/index.php?rest_route=\/wp\/v2\/pages\/32","targetHints":{"allow":["GET"]}}],"collection":[{"href":"http:\/\/xn--menschen-oberflchen-uwb.com\/index.php?rest_route=\/wp\/v2\/pages"}],"about":[{"href":"http:\/\/xn--menschen-oberflchen-uwb.com\/index.php?rest_route=\/wp\/v2\/types\/page"}],"author":[{"embeddable":true,"href":"http:\/\/xn--menschen-oberflchen-uwb.com\/index.php?rest_route=\/wp\/v2\/users\/1"}],"replies":[{"embeddable":true,"href":"http:\/\/xn--menschen-oberflchen-uwb.com\/index.php?rest_route=%2Fwp%2Fv2%2Fcomments&post=32"}],"version-history":[{"count":2,"href":"http:\/\/xn--menschen-oberflchen-uwb.com\/index.php?rest_route=\/wp\/v2\/pages\/32\/revisions"}],"predecessor-version":[{"id":222,"href":"http:\/\/xn--menschen-oberflchen-uwb.com\/index.php?rest_route=\/wp\/v2\/pages\/32\/revisions\/222"}],"wp:attachment":[{"href":"http:\/\/xn--menschen-oberflchen-uwb.com\/index.php?rest_route=%2Fwp%2Fv2%2Fmedia&parent=32"}],"curies":[{"name":"wp","href":"https:\/\/api.w.org\/{rel}","templated":true}]}}