{"id":168,"date":"2019-08-19T12:49:04","date_gmt":"2019-08-19T12:49:04","guid":{"rendered":"http:\/\/xn--menschen-oberflchen-uwb.com\/?page_id=168"},"modified":"2020-11-25T14:36:08","modified_gmt":"2020-11-25T14:36:08","slug":"oberflaechentechnik","status":"publish","type":"page","link":"http:\/\/xn--menschen-oberflchen-uwb.com\/?page_id=168","title":{"rendered":"Oberfl\u00e4chentechnik"},"content":{"rendered":"\n<p>         <\/p>\n\n\n\n<p>Als <strong>Oberfl\u00e4chentechnik<\/strong> bezeichnet man die Summe aller Technologien zum Ver\u00e4ndern der Oberfl\u00e4cheneigenschaften von Bauteilen und Werkzeugen. <\/p>\n\n\n\n<p>Ein Basiswerkstoff, der auf Grund seiner Eigenschaften (Gewicht, Verformbarkeit, Festigkeit, Bearbeitbarkeit, Wirtschaftlichkeit, etc.) ausgew\u00e4hlt wurde, hat in den meisten F\u00e4llen nicht die gew\u00fcnschte Eigenschaft im Hinblick auf <em><strong>Verschlei\u00df, Reibung, Korrosion, Lackhaftung, elektrische Leit- bzw. Isolierf\u00e4higkeit, Reflexion <\/strong><\/em>und <em><strong>besondere Dekoration.<\/strong><\/em> <\/p>\n\n\n\n<p>Erst die <em><strong>Eigenschaft <\/strong><\/em>des <em><strong>Basiswerkstoffes <\/strong><\/em>zusammen mit den entsprechenden <em><strong>Eigenschaften der Oberfl\u00e4che<\/strong><\/em> ergeben einen <em><strong>&#8222;Verbundwerkstoff&#8220; <\/strong><\/em>der dem Anforderungsprofil der Bauteile und Werkzeuge im Ganzen gen\u00fcgt. <\/p>\n\n\n\n<p>Die <strong>Oberfl\u00e4chentechnik<\/strong> und hier insbesondere die <strong>Galvanotechnik<\/strong> bietet eine technisch hochwertige, praktikable und wirtschaftliche L\u00f6sung an. <\/p>\n\n\n\n<p><strong>Fazit:<\/strong> <\/p>\n\n\n\n<p>Die technische Herausforderung der Auswahl von <em><strong>Oberfl\u00e4chen<\/strong><\/em> und das Zusamemenf\u00fchren <em><strong>leistungsstarker Partner<\/strong><\/em> versteht die <strong>Wo\/\/Co<\/strong> &#8211; <strong>Wolfgang Kohl Consulting<\/strong> aus <strong>Solingen<\/strong> als beratende und kundenorientiere Dienstleistung. <\/p>\n","protected":false},"excerpt":{"rendered":"<p>Als Oberfl\u00e4chentechnik bezeichnet man die Summe aller Technologien zum Ver\u00e4ndern der Oberfl\u00e4cheneigenschaften von Bauteilen und Werkzeugen. Ein Basiswerkstoff, der auf Grund seiner Eigenschaften (Gewicht, Verformbarkeit, Festigkeit, Bearbeitbarkeit, Wirtschaftlichkeit, etc.) ausgew\u00e4hlt wurde, hat in den meisten F\u00e4llen nicht die gew\u00fcnschte Eigenschaft &hellip; <a href=\"http:\/\/xn--menschen-oberflchen-uwb.com\/?page_id=168\">Weiterlesen <span class=\"meta-nav\">&rarr;<\/span><\/a><\/p>\n","protected":false},"author":1,"featured_media":0,"parent":0,"menu_order":0,"comment_status":"closed","ping_status":"closed","template":"","meta":{"footnotes":""},"class_list":["post-168","page","type-page","status-publish","hentry"],"_links":{"self":[{"href":"http:\/\/xn--menschen-oberflchen-uwb.com\/index.php?rest_route=\/wp\/v2\/pages\/168","targetHints":{"allow":["GET"]}}],"collection":[{"href":"http:\/\/xn--menschen-oberflchen-uwb.com\/index.php?rest_route=\/wp\/v2\/pages"}],"about":[{"href":"http:\/\/xn--menschen-oberflchen-uwb.com\/index.php?rest_route=\/wp\/v2\/types\/page"}],"author":[{"embeddable":true,"href":"http:\/\/xn--menschen-oberflchen-uwb.com\/index.php?rest_route=\/wp\/v2\/users\/1"}],"replies":[{"embeddable":true,"href":"http:\/\/xn--menschen-oberflchen-uwb.com\/index.php?rest_route=%2Fwp%2Fv2%2Fcomments&post=168"}],"version-history":[{"count":2,"href":"http:\/\/xn--menschen-oberflchen-uwb.com\/index.php?rest_route=\/wp\/v2\/pages\/168\/revisions"}],"predecessor-version":[{"id":203,"href":"http:\/\/xn--menschen-oberflchen-uwb.com\/index.php?rest_route=\/wp\/v2\/pages\/168\/revisions\/203"}],"wp:attachment":[{"href":"http:\/\/xn--menschen-oberflchen-uwb.com\/index.php?rest_route=%2Fwp%2Fv2%2Fmedia&parent=168"}],"curies":[{"name":"wp","href":"https:\/\/api.w.org\/{rel}","templated":true}]}}